{"id":15,"date":"2022-02-03T21:44:35","date_gmt":"2022-02-03T21:44:35","guid":{"rendered":"https:\/\/musicaliberis.cz\/zasady-cookies-eu\/"},"modified":"2022-02-24T22:49:17","modified_gmt":"2022-02-24T22:49:17","slug":"zasady-cookies-eu","status":"publish","type":"page","link":"https:\/\/musicaliberis.cz\/en\/zasady-cookies-eu\/","title":{"rendered":"Z\u00e1sady cookies (EU)"},"content":{"rendered":"Region EU not activated for cookie-statement.","protected":false},"excerpt":{"rendered":"","protected":false},"author":1,"featured_media":0,"parent":0,"menu_order":0,"comment_status":"closed","ping_status":"closed","template":"","meta":{"footnotes":""},"class_list":["post-15","page","type-page","status-publish","hentry"],"yoast_head":"<!-- This site is optimized with the Yoast SEO plugin v27.4 - https:\/\/yoast.com\/product\/yoast-seo-wordpress\/ -->\n<title>Z\u00e1sady cookies (EU) | Musica Liberis<\/title>\n<meta name=\"description\" content=\"Jsme parta nad\u0161enc\u016f, kte\u0159\u00ed spojili sv\u00e9 dv\u011b v\u00e1\u0161n\u011b a za\u010dali p\u0159ed\u00e1vat sv\u00e9 c\u00edt\u011bn\u00ed hudby p\u0159edev\u0161\u00edm d\u011btem. Toto na\u0161e posl\u00e1n\u00ed se zrcadl\u00ed i v n\u00e1zvu na\u0161eho t\u00fdmu Musica Liberis \u2013 \u201ehudba d\u011btem\u201c. Po\u0159\u00e1d\u00e1me hudebn\u00ed kurzy pro d\u011bti a dosp\u011bl\u00e9 pod zna\u010dkou YAMAHA, dok\u00e1\u017eeme zprost\u0159edkovat soukrom\u00e9 hudebn\u00ed lekce od zku\u0161en\u00fdch lektor\u016f v oblasti Krom\u011b\u0159\u00ed\u017eska, o pr\u00e1zdnin\u00e1ch se s d\u011btmi potk\u00e1v\u00e1me na na\u0161ich t\u00e1borech s hudebn\u00ed t\u00e9matikou a tak\u00e9 po\u0159\u00e1d\u00e1me v\u00fdchovn\u00e9 koncerty pro \u0161kolky a \u0161koly a pro rodi\u010de s d\u011btmi.\" \/>\n<meta name=\"robots\" content=\"index, follow, max-snippet:-1, max-image-preview:large, max-video-preview:-1\" \/>\n<link rel=\"canonical\" href=\"https:\/\/musicaliberis.cz\/en\/zasady-cookies-eu\/\" \/>\n<meta property=\"og:locale\" content=\"en_GB\" \/>\n<meta property=\"og:type\" content=\"article\" \/>\n<meta property=\"og:title\" content=\"Musica Liberis\" \/>\n<meta property=\"og:description\" content=\"Jsme parta nad\u0161enc\u016f, kte\u0159\u00ed spojili sv\u00e9 dv\u011b v\u00e1\u0161n\u011b a za\u010dali p\u0159ed\u00e1vat sv\u00e9 c\u00edt\u011bn\u00ed hudby p\u0159edev\u0161\u00edm d\u011btem. Toto na\u0161e posl\u00e1n\u00ed se zrcadl\u00ed i v n\u00e1zvu na\u0161eho t\u00fdmu Musica Liberis \u2013 \u201ehudba d\u011btem\u201c. Po\u0159\u00e1d\u00e1me hudebn\u00ed kurzy pro d\u011bti a dosp\u011bl\u00e9 pod zna\u010dkou YAMAHA, dok\u00e1\u017eeme zprost\u0159edkovat soukrom\u00e9 hudebn\u00ed lekce od zku\u0161en\u00fdch lektor\u016f v oblasti Krom\u011b\u0159\u00ed\u017eska, o pr\u00e1zdnin\u00e1ch se s d\u011btmi potk\u00e1v\u00e1me na na\u0161ich t\u00e1borech s hudebn\u00ed t\u00e9matikou a tak\u00e9 po\u0159\u00e1d\u00e1me v\u00fdchovn\u00e9 koncerty pro \u0161kolky a \u0161koly a pro rodi\u010de s d\u011btmi.\" \/>\n<meta property=\"og:url\" content=\"https:\/\/musicaliberis.cz\/en\/zasady-cookies-eu\/\" \/>\n<meta property=\"og:site_name\" content=\"Musica Liberis\" \/>\n<meta property=\"article:modified_time\" content=\"2022-02-24T22:49:17+00:00\" \/>\n<meta property=\"og:image\" content=\"https:\/\/musicaliberis.cz\/wp-content\/uploads\/2020\/06\/landing-bottom-parallax-img.jpg\" \/>\n\t<meta property=\"og:image:width\" content=\"1920\" \/>\n\t<meta property=\"og:image:height\" content=\"1100\" \/>\n\t<meta property=\"og:image:type\" content=\"image\/jpeg\" \/>\n<meta name=\"twitter:card\" content=\"summary_large_image\" \/>\n<script type=\"application\/ld+json\" class=\"yoast-schema-graph\">{\"@context\":\"https:\\\/\\\/schema.org\",\"@graph\":[{\"@type\":\"WebPage\",\"@id\":\"https:\\\/\\\/musicaliberis.cz\\\/zasady-cookies-eu\\\/\",\"url\":\"https:\\\/\\\/musicaliberis.cz\\\/zasady-cookies-eu\\\/\",\"name\":\"Z\u00e1sady cookies (EU) | Musica Liberis\",\"isPartOf\":{\"@id\":\"https:\\\/\\\/musicaliberis.cz\\\/#website\"},\"datePublished\":\"2022-02-03T21:44:35+00:00\",\"dateModified\":\"2022-02-24T22:49:17+00:00\",\"description\":\"Jsme parta nad\u0161enc\u016f, kte\u0159\u00ed spojili sv\u00e9 dv\u011b v\u00e1\u0161n\u011b a za\u010dali p\u0159ed\u00e1vat sv\u00e9 c\u00edt\u011bn\u00ed hudby p\u0159edev\u0161\u00edm d\u011btem. Toto na\u0161e posl\u00e1n\u00ed se zrcadl\u00ed i v n\u00e1zvu na\u0161eho t\u00fdmu Musica Liberis \u2013 \u201ehudba d\u011btem\u201c. Po\u0159\u00e1d\u00e1me hudebn\u00ed kurzy pro d\u011bti a dosp\u011bl\u00e9 pod zna\u010dkou YAMAHA, dok\u00e1\u017eeme zprost\u0159edkovat soukrom\u00e9 hudebn\u00ed lekce od zku\u0161en\u00fdch lektor\u016f v oblasti Krom\u011b\u0159\u00ed\u017eska, o pr\u00e1zdnin\u00e1ch se s d\u011btmi potk\u00e1v\u00e1me na na\u0161ich t\u00e1borech s hudebn\u00ed t\u00e9matikou a tak\u00e9 po\u0159\u00e1d\u00e1me v\u00fdchovn\u00e9 koncerty pro \u0161kolky a \u0161koly a pro rodi\u010de s d\u011btmi.\",\"breadcrumb\":{\"@id\":\"https:\\\/\\\/musicaliberis.cz\\\/zasady-cookies-eu\\\/#breadcrumb\"},\"inLanguage\":\"en-GB\",\"potentialAction\":[{\"@type\":\"ReadAction\",\"target\":[\"https:\\\/\\\/musicaliberis.cz\\\/zasady-cookies-eu\\\/\"]}]},{\"@type\":\"BreadcrumbList\",\"@id\":\"https:\\\/\\\/musicaliberis.cz\\\/zasady-cookies-eu\\\/#breadcrumb\",\"itemListElement\":[{\"@type\":\"ListItem\",\"position\":1,\"name\":\"Dom\u016f\",\"item\":\"https:\\\/\\\/musicaliberis.cz\\\/\"},{\"@type\":\"ListItem\",\"position\":2,\"name\":\"Z\u00e1sady cookies (EU)\"}]},{\"@type\":\"WebSite\",\"@id\":\"https:\\\/\\\/musicaliberis.cz\\\/#website\",\"url\":\"https:\\\/\\\/musicaliberis.cz\\\/\",\"name\":\"Musica Liberis\",\"description\":\"Musica Liberis\",\"potentialAction\":[{\"@type\":\"SearchAction\",\"target\":{\"@type\":\"EntryPoint\",\"urlTemplate\":\"https:\\\/\\\/musicaliberis.cz\\\/?s={search_term_string}\"},\"query-input\":{\"@type\":\"PropertyValueSpecification\",\"valueRequired\":true,\"valueName\":\"search_term_string\"}}],\"inLanguage\":\"en-GB\"}]}<\/script>\n<!-- \/ Yoast SEO plugin. -->","yoast_head_json":{"title":"Z\u00e1sady cookies (EU) | Musica Liberis","description":"Jsme parta nad\u0161enc\u016f, kte\u0159\u00ed spojili sv\u00e9 dv\u011b v\u00e1\u0161n\u011b a za\u010dali p\u0159ed\u00e1vat sv\u00e9 c\u00edt\u011bn\u00ed hudby p\u0159edev\u0161\u00edm d\u011btem. Toto na\u0161e posl\u00e1n\u00ed se zrcadl\u00ed i v n\u00e1zvu na\u0161eho t\u00fdmu Musica Liberis \u2013 \u201ehudba d\u011btem\u201c. Po\u0159\u00e1d\u00e1me hudebn\u00ed kurzy pro d\u011bti a dosp\u011bl\u00e9 pod zna\u010dkou YAMAHA, dok\u00e1\u017eeme zprost\u0159edkovat soukrom\u00e9 hudebn\u00ed lekce od zku\u0161en\u00fdch lektor\u016f v oblasti Krom\u011b\u0159\u00ed\u017eska, o pr\u00e1zdnin\u00e1ch se s d\u011btmi potk\u00e1v\u00e1me na na\u0161ich t\u00e1borech s hudebn\u00ed t\u00e9matikou a tak\u00e9 po\u0159\u00e1d\u00e1me v\u00fdchovn\u00e9 koncerty pro \u0161kolky a \u0161koly a pro rodi\u010de s d\u011btmi.","robots":{"index":"index","follow":"follow","max-snippet":"max-snippet:-1","max-image-preview":"max-image-preview:large","max-video-preview":"max-video-preview:-1"},"canonical":"https:\/\/musicaliberis.cz\/en\/zasady-cookies-eu\/","og_locale":"en_GB","og_type":"article","og_title":"Musica Liberis","og_description":"Jsme parta nad\u0161enc\u016f, kte\u0159\u00ed spojili sv\u00e9 dv\u011b v\u00e1\u0161n\u011b a za\u010dali p\u0159ed\u00e1vat sv\u00e9 c\u00edt\u011bn\u00ed hudby p\u0159edev\u0161\u00edm d\u011btem. Toto na\u0161e posl\u00e1n\u00ed se zrcadl\u00ed i v n\u00e1zvu na\u0161eho t\u00fdmu Musica Liberis \u2013 \u201ehudba d\u011btem\u201c. Po\u0159\u00e1d\u00e1me hudebn\u00ed kurzy pro d\u011bti a dosp\u011bl\u00e9 pod zna\u010dkou YAMAHA, dok\u00e1\u017eeme zprost\u0159edkovat soukrom\u00e9 hudebn\u00ed lekce od zku\u0161en\u00fdch lektor\u016f v oblasti Krom\u011b\u0159\u00ed\u017eska, o pr\u00e1zdnin\u00e1ch se s d\u011btmi potk\u00e1v\u00e1me na na\u0161ich t\u00e1borech s hudebn\u00ed t\u00e9matikou a tak\u00e9 po\u0159\u00e1d\u00e1me v\u00fdchovn\u00e9 koncerty pro \u0161kolky a \u0161koly a pro rodi\u010de s d\u011btmi.","og_url":"https:\/\/musicaliberis.cz\/en\/zasady-cookies-eu\/","og_site_name":"Musica Liberis","article_modified_time":"2022-02-24T22:49:17+00:00","og_image":[{"width":1920,"height":1100,"url":"https:\/\/musicaliberis.cz\/wp-content\/uploads\/2020\/06\/landing-bottom-parallax-img.jpg","type":"image\/jpeg"}],"twitter_card":"summary_large_image","schema":{"@context":"https:\/\/schema.org","@graph":[{"@type":"WebPage","@id":"https:\/\/musicaliberis.cz\/zasady-cookies-eu\/","url":"https:\/\/musicaliberis.cz\/zasady-cookies-eu\/","name":"Z\u00e1sady cookies (EU) | Musica Liberis","isPartOf":{"@id":"https:\/\/musicaliberis.cz\/#website"},"datePublished":"2022-02-03T21:44:35+00:00","dateModified":"2022-02-24T22:49:17+00:00","description":"Jsme parta nad\u0161enc\u016f, kte\u0159\u00ed spojili sv\u00e9 dv\u011b v\u00e1\u0161n\u011b a za\u010dali p\u0159ed\u00e1vat sv\u00e9 c\u00edt\u011bn\u00ed hudby p\u0159edev\u0161\u00edm d\u011btem. Toto na\u0161e posl\u00e1n\u00ed se zrcadl\u00ed i v n\u00e1zvu na\u0161eho t\u00fdmu Musica Liberis \u2013 \u201ehudba d\u011btem\u201c. Po\u0159\u00e1d\u00e1me hudebn\u00ed kurzy pro d\u011bti a dosp\u011bl\u00e9 pod zna\u010dkou YAMAHA, dok\u00e1\u017eeme zprost\u0159edkovat soukrom\u00e9 hudebn\u00ed lekce od zku\u0161en\u00fdch lektor\u016f v oblasti Krom\u011b\u0159\u00ed\u017eska, o pr\u00e1zdnin\u00e1ch se s d\u011btmi potk\u00e1v\u00e1me na na\u0161ich t\u00e1borech s hudebn\u00ed t\u00e9matikou a tak\u00e9 po\u0159\u00e1d\u00e1me v\u00fdchovn\u00e9 koncerty pro \u0161kolky a \u0161koly a pro rodi\u010de s d\u011btmi.","breadcrumb":{"@id":"https:\/\/musicaliberis.cz\/zasady-cookies-eu\/#breadcrumb"},"inLanguage":"en-GB","potentialAction":[{"@type":"ReadAction","target":["https:\/\/musicaliberis.cz\/zasady-cookies-eu\/"]}]},{"@type":"BreadcrumbList","@id":"https:\/\/musicaliberis.cz\/zasady-cookies-eu\/#breadcrumb","itemListElement":[{"@type":"ListItem","position":1,"name":"Dom\u016f","item":"https:\/\/musicaliberis.cz\/"},{"@type":"ListItem","position":2,"name":"Z\u00e1sady cookies (EU)"}]},{"@type":"WebSite","@id":"https:\/\/musicaliberis.cz\/#website","url":"https:\/\/musicaliberis.cz\/","name":"Musica Liberis","description":"Musica Liberis","potentialAction":[{"@type":"SearchAction","target":{"@type":"EntryPoint","urlTemplate":"https:\/\/musicaliberis.cz\/?s={search_term_string}"},"query-input":{"@type":"PropertyValueSpecification","valueRequired":true,"valueName":"search_term_string"}}],"inLanguage":"en-GB"}]}},"_links":{"self":[{"href":"https:\/\/musicaliberis.cz\/en\/wp-json\/wp\/v2\/pages\/15","targetHints":{"allow":["GET"]}}],"collection":[{"href":"https:\/\/musicaliberis.cz\/en\/wp-json\/wp\/v2\/pages"}],"about":[{"href":"https:\/\/musicaliberis.cz\/en\/wp-json\/wp\/v2\/types\/page"}],"author":[{"embeddable":true,"href":"https:\/\/musicaliberis.cz\/en\/wp-json\/wp\/v2\/users\/1"}],"replies":[{"embeddable":true,"href":"https:\/\/musicaliberis.cz\/en\/wp-json\/wp\/v2\/comments?post=15"}],"version-history":[{"count":1,"href":"https:\/\/musicaliberis.cz\/en\/wp-json\/wp\/v2\/pages\/15\/revisions"}],"predecessor-version":[{"id":4196,"href":"https:\/\/musicaliberis.cz\/en\/wp-json\/wp\/v2\/pages\/15\/revisions\/4196"}],"wp:attachment":[{"href":"https:\/\/musicaliberis.cz\/en\/wp-json\/wp\/v2\/media?parent=15"}],"curies":[{"name":"wp","href":"https:\/\/api.w.org\/{rel}","templated":true}]}}