{"id":3974,"date":"2022-02-07T08:30:43","date_gmt":"2022-02-07T08:30:43","guid":{"rendered":"https:\/\/musicaliberis.cz\/?page_id=3974"},"modified":"2025-07-07T14:11:39","modified_gmt":"2025-07-07T14:11:39","slug":"soukrome-lekce-hudby","status":"publish","type":"page","link":"https:\/\/musicaliberis.cz\/en\/soukrome-lekce-hudby\/","title":{"rendered":"Soukrom\u00e9 lekce hudby"},"content":{"rendered":"<div data-elementor-type=\"wp-page\" data-elementor-id=\"3974\" class=\"elementor elementor-3974\">\n\t\t\t\t\t\t<section class=\"elementor-section elementor-top-section elementor-element elementor-element-e38d2ef qodef-elementor-content-grid elementor-section-full_width elementor-section-height-default elementor-section-height-default\" data-id=\"e38d2ef\" data-element_type=\"section\" data-e-type=\"section\" data-settings=\"{&quot;background_background&quot;:&quot;classic&quot;}\">\n\t\t\t\t\t\t<div class=\"elementor-container elementor-column-gap-default\">\n\t\t\t\t\t<div class=\"elementor-column elementor-col-100 elementor-top-column elementor-element elementor-element-5b3d7fc\" data-id=\"5b3d7fc\" data-element_type=\"column\" data-e-type=\"column\" data-settings=\"{&quot;background_background&quot;:&quot;classic&quot;}\">\n\t\t\t<div class=\"elementor-widget-wrap elementor-element-populated\">\n\t\t\t\t\t\t<div class=\"elementor-element elementor-element-9b74567 elementor-widget elementor-widget-songbook_core_section_title\" data-id=\"9b74567\" data-element_type=\"widget\" data-e-type=\"widget\" data-widget_type=\"songbook_core_section_title.default\">\n\t\t\t\t<div class=\"elementor-widget-container\">\n\t\t\t\t\t<div class=\"qodef-shortcode qodef-m  qodef-section-title qodef-alignment--left\">\n\t\t\t<h1 class=\"qodef-m-title\" style=\"margin-top: 11px\">\n\t\t\t\t\tSoukrom\u00e9 lekce hudby\t\t\t<\/h1>\n\t\t\t<p class=\"qodef-m-text\" style=\"margin-top: -9px\">Nenab\u00edz\u00edme ve skupinov\u00fdch lekc\u00edch n\u00e1stroj, na kter\u00fd byste se cht\u011bli nau\u010dit hr\u00e1t? Nevad\u00ed, zprost\u0159edkujeme V\u00e1m lektora, kter\u00fd se bude v\u011bnovat pouze V\u00e1m a za podm\u00ednek u\u0161it\u00fdch p\u0159\u00edmo V\u00e1m na m\u00edru, nev\u00e1hejte vyplnit n\u00e1\u0161 popt\u00e1vkov\u00fd formul\u00e1\u0159 a my se V\u00e1m ozveme v nejkrat\u0161\u00ed mo\u017en\u00e9 dob\u011b<\/p>\n<\/div>\t\t\t\t<\/div>\n\t\t\t\t<\/div>\n\t\t\t\t\t<\/div>\n\t\t<\/div>\n\t\t\t\t\t<\/div>\n\t\t<\/section>\n\t\t\t\t<section class=\"elementor-section elementor-top-section elementor-element elementor-element-7b2af8f qodef-elementor-content-grid elementor-section-boxed elementor-section-height-default elementor-section-height-default\" data-id=\"7b2af8f\" data-element_type=\"section\" data-e-type=\"section\" data-settings=\"{&quot;background_background&quot;:&quot;classic&quot;}\">\n\t\t\t\t\t\t<div class=\"elementor-container elementor-column-gap-default\">\n\t\t\t\t\t<div class=\"elementor-column elementor-col-100 elementor-top-column elementor-element elementor-element-431df1a\" data-id=\"431df1a\" data-element_type=\"column\" data-e-type=\"column\">\n\t\t\t<div class=\"elementor-widget-wrap elementor-element-populated\">\n\t\t\t\t\t\t<div class=\"elementor-element elementor-element-02911e8 elementor-widget elementor-widget-qi_addons_for_elementor_contact_form_7\" data-id=\"02911e8\" data-element_type=\"widget\" data-e-type=\"widget\" data-widget_type=\"qi_addons_for_elementor_contact_form_7.default\">\n\t\t\t\t<div class=\"elementor-widget-container\">\n\t\t\t\t\t<div class=\"qodef-shortcode qodef-m qodef-qi-contact-form-7\">\n\t\n<div class=\"wpcf7 no-js\" id=\"wpcf7-f4054-o1\" lang=\"cs-CZ\" dir=\"ltr\" data-wpcf7-id=\"4054\">\n<div class=\"screen-reader-response\"><p role=\"status\" aria-live=\"polite\" aria-atomic=\"true\"><\/p> <ul><\/ul><\/div>\n<form action=\"\/en\/wp-json\/wp\/v2\/pages\/3974#wpcf7-f4054-o1\" method=\"post\" class=\"wpcf7-form init\" aria-label=\"Kontaktn\u00ed formul\u00e1\u0159\" novalidate=\"novalidate\" data-status=\"init\" data-trp-original-action=\"\/en\/wp-json\/wp\/v2\/pages\/3974#wpcf7-f4054-o1\">\n<fieldset class=\"hidden-fields-container\"><input type=\"hidden\" name=\"_wpcf7\" value=\"4054\" \/><input type=\"hidden\" name=\"_wpcf7_version\" value=\"6.1\" \/><input type=\"hidden\" name=\"_wpcf7_locale\" value=\"cs_CZ\" \/><input type=\"hidden\" name=\"_wpcf7_unit_tag\" value=\"wpcf7-f4054-o1\" \/><input type=\"hidden\" name=\"_wpcf7_container_post\" value=\"0\" \/><input type=\"hidden\" name=\"_wpcf7_posted_data_hash\" value=\"\" \/><input type=\"hidden\" name=\"_wpcf7_recaptcha_response\" value=\"\" \/>\n<\/fieldset>\n<label> Va\u0161e jm\u00e9no\n    <span class=\"wpcf7-form-control-wrap\" data-name=\"your-name\"><input size=\"40\" maxlength=\"400\" class=\"wpcf7-form-control wpcf7-text wpcf7-validates-as-required\" aria-required=\"true\" aria-invalid=\"false\" value=\"\" type=\"text\" name=\"your-name\" \/><\/span> <\/label> <br>\n\n<label> Datum narozen\u00ed\n    <span class=\"wpcf7-form-control-wrap\" data-name=\"text-714\"><input size=\"40\" maxlength=\"400\" class=\"wpcf7-form-control wpcf7-text wpcf7-validates-as-required\" aria-required=\"true\" aria-invalid=\"false\" value=\"\" type=\"text\" name=\"text-714\" \/><\/span> <\/label><br>\n\n<label> Nab\u00eddka n\u00e1stroj\u016f\n     <span class=\"wpcf7-form-control-wrap\" data-name=\"menu-677\"><select class=\"wpcf7-form-control wpcf7-select wpcf7-validates-as-required\" aria-required=\"true\" aria-invalid=\"false\" name=\"menu-677\"><option value=\"Klav\u00edr\">Klav\u00edr<\/option><option value=\"Housle\">Housle<\/option><option value=\"Trubka\">Trubka<\/option><option value=\"Trombon\">Trombon<\/option><option value=\"Tuba\">Tuba<\/option><option value=\"Violoncello\">Violoncello<\/option><option value=\"Kontrabas\">Kontrabas<\/option><option value=\"P\u0159\u00ed\u010dn\u00e1 fl\u00e9tna\">P\u0159\u00ed\u010dn\u00e1 fl\u00e9tna<\/option><option value=\"Klarinet\">Klarinet<\/option><option value=\"Cimb\u00e1l\">Cimb\u00e1l<\/option><option value=\"Jin\u00fd...\">Jin\u00fd...<\/option><\/select><\/span><\/label><br>\n\n<label> Email\n    <span class=\"wpcf7-form-control-wrap\" data-name=\"your-email\"><input size=\"40\" maxlength=\"400\" class=\"wpcf7-form-control wpcf7-email wpcf7-validates-as-required wpcf7-text wpcf7-validates-as-email\" aria-required=\"true\" aria-invalid=\"false\" value=\"\" type=\"email\" name=\"your-email\" \/><\/span> <\/label><br>\n\n<label> Telefon\n    <span class=\"wpcf7-form-control-wrap\" data-name=\"tel-414\"><input size=\"40\" maxlength=\"400\" class=\"wpcf7-form-control wpcf7-tel wpcf7-validates-as-required wpcf7-text wpcf7-validates-as-tel\" aria-required=\"true\" aria-invalid=\"false\" value=\"\" type=\"tel\" name=\"tel-414\" \/><\/span> <\/label><br>\n\n\n<button class=\"wpcf7-form-control wpcf7-submit qodef-button qodef-size--normal qodef-type--filled qodef-m\" type=\"submit\"><span class=\"qodef-m-text\">Odeslat popt\u00e1vku<\/span><span class=\"qodef-m-border-vertical\"><\/span><span class=\"qodef-m-border-horizontal\"><\/span><\/button><div class=\"wpcf7-response-output\" aria-hidden=\"true\"><\/div>\n<input type=\"hidden\" name=\"trp-form-language\" value=\"en\"\/><\/form>\n<\/div>\n<\/div>\n\t\t\t\t<\/div>\n\t\t\t\t<\/div>\n\t\t\t\t\t<\/div>\n\t\t<\/div>\n\t\t\t\t\t<\/div>\n\t\t<\/section>\n\t\t\t\t<\/div>","protected":false},"excerpt":{"rendered":"<p>Soukrom\u00e9 lekce hudby Nenab\u00edz\u00edme ve skupinov\u00fdch lekc\u00edch n\u00e1stroj, na kter\u00fd byste se cht\u011bli nau\u010dit hr\u00e1t? Nevad\u00ed, zprost\u0159edkujeme V\u00e1m lektora, kter\u00fd se bude v\u011bnovat pouze V\u00e1m a za podm\u00ednek u\u0161it\u00fdch p\u0159\u00edmo V\u00e1m na m\u00edru, nev\u00e1hejte vyplnit n\u00e1\u0161 popt\u00e1vkov\u00fd formul\u00e1\u0159 a my se V\u00e1m ozveme v nejkrat\u0161\u00ed mo\u017en\u00e9 dob\u011b Va\u0161e jm\u00e9no Datum narozen\u00ed Nab\u00eddka n\u00e1stroj\u016f Klav\u00edrHousleTrubkaTrombonTubaVioloncelloKontrabasP\u0159\u00ed\u010dn\u00e1 fl\u00e9tnaKlarinetCimb\u00e1lJin\u00fd&#8230; [&hellip;]<\/p>","protected":false},"author":1,"featured_media":0,"parent":0,"menu_order":0,"comment_status":"closed","ping_status":"closed","template":"page-full-width.php","meta":{"footnotes":""},"class_list":["post-3974","page","type-page","status-publish","hentry"],"yoast_head":"<!-- This site is optimized with the Yoast SEO plugin v27.4 - https:\/\/yoast.com\/product\/yoast-seo-wordpress\/ -->\n<title>Soukrom\u00e9 lekce hudby | Musica Liberis<\/title>\n<meta name=\"description\" content=\"Jsme parta nad\u0161enc\u016f, kte\u0159\u00ed spojili sv\u00e9 dv\u011b v\u00e1\u0161n\u011b a za\u010dali p\u0159ed\u00e1vat sv\u00e9 c\u00edt\u011bn\u00ed hudby p\u0159edev\u0161\u00edm d\u011btem. Toto na\u0161e posl\u00e1n\u00ed se zrcadl\u00ed i v n\u00e1zvu na\u0161eho t\u00fdmu Musica Liberis \u2013 \u201ehudba d\u011btem\u201c. Po\u0159\u00e1d\u00e1me hudebn\u00ed kurzy pro d\u011bti a dosp\u011bl\u00e9 pod zna\u010dkou YAMAHA, dok\u00e1\u017eeme zprost\u0159edkovat soukrom\u00e9 hudebn\u00ed lekce od zku\u0161en\u00fdch lektor\u016f v oblasti Krom\u011b\u0159\u00ed\u017eska, o pr\u00e1zdnin\u00e1ch se s d\u011btmi potk\u00e1v\u00e1me na na\u0161ich t\u00e1borech s hudebn\u00ed t\u00e9matikou a tak\u00e9 po\u0159\u00e1d\u00e1me v\u00fdchovn\u00e9 koncerty pro \u0161kolky a \u0161koly a pro rodi\u010de s d\u011btmi.\" \/>\n<meta name=\"robots\" content=\"index, follow, max-snippet:-1, max-image-preview:large, max-video-preview:-1\" \/>\n<link rel=\"canonical\" href=\"https:\/\/musicaliberis.cz\/en\/soukrome-lekce-hudby\/\" \/>\n<meta property=\"og:locale\" content=\"en_GB\" \/>\n<meta property=\"og:type\" content=\"article\" \/>\n<meta property=\"og:title\" content=\"Musica Liberis\" \/>\n<meta property=\"og:description\" content=\"Jsme parta nad\u0161enc\u016f, kte\u0159\u00ed spojili sv\u00e9 dv\u011b v\u00e1\u0161n\u011b a za\u010dali p\u0159ed\u00e1vat sv\u00e9 c\u00edt\u011bn\u00ed hudby p\u0159edev\u0161\u00edm d\u011btem. Toto na\u0161e posl\u00e1n\u00ed se zrcadl\u00ed i v n\u00e1zvu na\u0161eho t\u00fdmu Musica Liberis \u2013 \u201ehudba d\u011btem\u201c. Po\u0159\u00e1d\u00e1me hudebn\u00ed kurzy pro d\u011bti a dosp\u011bl\u00e9 pod zna\u010dkou YAMAHA, dok\u00e1\u017eeme zprost\u0159edkovat soukrom\u00e9 hudebn\u00ed lekce od zku\u0161en\u00fdch lektor\u016f v oblasti Krom\u011b\u0159\u00ed\u017eska, o pr\u00e1zdnin\u00e1ch se s d\u011btmi potk\u00e1v\u00e1me na na\u0161ich t\u00e1borech s hudebn\u00ed t\u00e9matikou a tak\u00e9 po\u0159\u00e1d\u00e1me v\u00fdchovn\u00e9 koncerty pro \u0161kolky a \u0161koly a pro rodi\u010de s d\u011btmi.\" \/>\n<meta property=\"og:url\" content=\"https:\/\/musicaliberis.cz\/en\/soukrome-lekce-hudby\/\" \/>\n<meta property=\"og:site_name\" content=\"Musica Liberis\" \/>\n<meta property=\"article:modified_time\" content=\"2025-07-07T14:11:39+00:00\" \/>\n<meta property=\"og:image\" content=\"https:\/\/musicaliberis.cz\/wp-content\/uploads\/2020\/06\/landing-bottom-parallax-img.jpg\" \/>\n\t<meta property=\"og:image:width\" content=\"1920\" \/>\n\t<meta property=\"og:image:height\" content=\"1100\" \/>\n\t<meta property=\"og:image:type\" content=\"image\/jpeg\" \/>\n<meta name=\"twitter:card\" content=\"summary_large_image\" \/>\n<meta name=\"twitter:label1\" content=\"Estimated reading time\" \/>\n\t<meta name=\"twitter:data1\" content=\"1 minute\" \/>\n<script type=\"application\/ld+json\" class=\"yoast-schema-graph\">{\"@context\":\"https:\\\/\\\/schema.org\",\"@graph\":[{\"@type\":\"WebPage\",\"@id\":\"https:\\\/\\\/musicaliberis.cz\\\/soukrome-lekce-hudby\\\/\",\"url\":\"https:\\\/\\\/musicaliberis.cz\\\/soukrome-lekce-hudby\\\/\",\"name\":\"Soukrom\u00e9 lekce hudby | Musica Liberis\",\"isPartOf\":{\"@id\":\"https:\\\/\\\/musicaliberis.cz\\\/#website\"},\"datePublished\":\"2022-02-07T08:30:43+00:00\",\"dateModified\":\"2025-07-07T14:11:39+00:00\",\"description\":\"Jsme parta nad\u0161enc\u016f, kte\u0159\u00ed spojili sv\u00e9 dv\u011b v\u00e1\u0161n\u011b a za\u010dali p\u0159ed\u00e1vat sv\u00e9 c\u00edt\u011bn\u00ed hudby p\u0159edev\u0161\u00edm d\u011btem. Toto na\u0161e posl\u00e1n\u00ed se zrcadl\u00ed i v n\u00e1zvu na\u0161eho t\u00fdmu Musica Liberis \u2013 \u201ehudba d\u011btem\u201c. Po\u0159\u00e1d\u00e1me hudebn\u00ed kurzy pro d\u011bti a dosp\u011bl\u00e9 pod zna\u010dkou YAMAHA, dok\u00e1\u017eeme zprost\u0159edkovat soukrom\u00e9 hudebn\u00ed lekce od zku\u0161en\u00fdch lektor\u016f v oblasti Krom\u011b\u0159\u00ed\u017eska, o pr\u00e1zdnin\u00e1ch se s d\u011btmi potk\u00e1v\u00e1me na na\u0161ich t\u00e1borech s hudebn\u00ed t\u00e9matikou a tak\u00e9 po\u0159\u00e1d\u00e1me v\u00fdchovn\u00e9 koncerty pro \u0161kolky a \u0161koly a pro rodi\u010de s d\u011btmi.\",\"breadcrumb\":{\"@id\":\"https:\\\/\\\/musicaliberis.cz\\\/soukrome-lekce-hudby\\\/#breadcrumb\"},\"inLanguage\":\"en-GB\",\"potentialAction\":[{\"@type\":\"ReadAction\",\"target\":[\"https:\\\/\\\/musicaliberis.cz\\\/soukrome-lekce-hudby\\\/\"]}]},{\"@type\":\"BreadcrumbList\",\"@id\":\"https:\\\/\\\/musicaliberis.cz\\\/soukrome-lekce-hudby\\\/#breadcrumb\",\"itemListElement\":[{\"@type\":\"ListItem\",\"position\":1,\"name\":\"Dom\u016f\",\"item\":\"https:\\\/\\\/musicaliberis.cz\\\/\"},{\"@type\":\"ListItem\",\"position\":2,\"name\":\"Soukrom\u00e9 lekce hudby\"}]},{\"@type\":\"WebSite\",\"@id\":\"https:\\\/\\\/musicaliberis.cz\\\/#website\",\"url\":\"https:\\\/\\\/musicaliberis.cz\\\/\",\"name\":\"Musica Liberis\",\"description\":\"Musica Liberis\",\"potentialAction\":[{\"@type\":\"SearchAction\",\"target\":{\"@type\":\"EntryPoint\",\"urlTemplate\":\"https:\\\/\\\/musicaliberis.cz\\\/?s={search_term_string}\"},\"query-input\":{\"@type\":\"PropertyValueSpecification\",\"valueRequired\":true,\"valueName\":\"search_term_string\"}}],\"inLanguage\":\"en-GB\"}]}<\/script>\n<!-- \/ Yoast SEO plugin. -->","yoast_head_json":{"title":"Soukrom\u00e9 lekce hudby | Musica Liberis","description":"Jsme parta nad\u0161enc\u016f, kte\u0159\u00ed spojili sv\u00e9 dv\u011b v\u00e1\u0161n\u011b a za\u010dali p\u0159ed\u00e1vat sv\u00e9 c\u00edt\u011bn\u00ed hudby p\u0159edev\u0161\u00edm d\u011btem. Toto na\u0161e posl\u00e1n\u00ed se zrcadl\u00ed i v n\u00e1zvu na\u0161eho t\u00fdmu Musica Liberis \u2013 \u201ehudba d\u011btem\u201c. Po\u0159\u00e1d\u00e1me hudebn\u00ed kurzy pro d\u011bti a dosp\u011bl\u00e9 pod zna\u010dkou YAMAHA, dok\u00e1\u017eeme zprost\u0159edkovat soukrom\u00e9 hudebn\u00ed lekce od zku\u0161en\u00fdch lektor\u016f v oblasti Krom\u011b\u0159\u00ed\u017eska, o pr\u00e1zdnin\u00e1ch se s d\u011btmi potk\u00e1v\u00e1me na na\u0161ich t\u00e1borech s hudebn\u00ed t\u00e9matikou a tak\u00e9 po\u0159\u00e1d\u00e1me v\u00fdchovn\u00e9 koncerty pro \u0161kolky a \u0161koly a pro rodi\u010de s d\u011btmi.","robots":{"index":"index","follow":"follow","max-snippet":"max-snippet:-1","max-image-preview":"max-image-preview:large","max-video-preview":"max-video-preview:-1"},"canonical":"https:\/\/musicaliberis.cz\/en\/soukrome-lekce-hudby\/","og_locale":"en_GB","og_type":"article","og_title":"Musica Liberis","og_description":"Jsme parta nad\u0161enc\u016f, kte\u0159\u00ed spojili sv\u00e9 dv\u011b v\u00e1\u0161n\u011b a za\u010dali p\u0159ed\u00e1vat sv\u00e9 c\u00edt\u011bn\u00ed hudby p\u0159edev\u0161\u00edm d\u011btem. Toto na\u0161e posl\u00e1n\u00ed se zrcadl\u00ed i v n\u00e1zvu na\u0161eho t\u00fdmu Musica Liberis \u2013 \u201ehudba d\u011btem\u201c. Po\u0159\u00e1d\u00e1me hudebn\u00ed kurzy pro d\u011bti a dosp\u011bl\u00e9 pod zna\u010dkou YAMAHA, dok\u00e1\u017eeme zprost\u0159edkovat soukrom\u00e9 hudebn\u00ed lekce od zku\u0161en\u00fdch lektor\u016f v oblasti Krom\u011b\u0159\u00ed\u017eska, o pr\u00e1zdnin\u00e1ch se s d\u011btmi potk\u00e1v\u00e1me na na\u0161ich t\u00e1borech s hudebn\u00ed t\u00e9matikou a tak\u00e9 po\u0159\u00e1d\u00e1me v\u00fdchovn\u00e9 koncerty pro \u0161kolky a \u0161koly a pro rodi\u010de s d\u011btmi.","og_url":"https:\/\/musicaliberis.cz\/en\/soukrome-lekce-hudby\/","og_site_name":"Musica Liberis","article_modified_time":"2025-07-07T14:11:39+00:00","og_image":[{"width":1920,"height":1100,"url":"https:\/\/musicaliberis.cz\/wp-content\/uploads\/2020\/06\/landing-bottom-parallax-img.jpg","type":"image\/jpeg"}],"twitter_card":"summary_large_image","twitter_misc":{"Estimated reading time":"1 minute"},"schema":{"@context":"https:\/\/schema.org","@graph":[{"@type":"WebPage","@id":"https:\/\/musicaliberis.cz\/soukrome-lekce-hudby\/","url":"https:\/\/musicaliberis.cz\/soukrome-lekce-hudby\/","name":"Soukrom\u00e9 lekce hudby | Musica Liberis","isPartOf":{"@id":"https:\/\/musicaliberis.cz\/#website"},"datePublished":"2022-02-07T08:30:43+00:00","dateModified":"2025-07-07T14:11:39+00:00","description":"Jsme parta nad\u0161enc\u016f, kte\u0159\u00ed spojili sv\u00e9 dv\u011b v\u00e1\u0161n\u011b a za\u010dali p\u0159ed\u00e1vat sv\u00e9 c\u00edt\u011bn\u00ed hudby p\u0159edev\u0161\u00edm d\u011btem. Toto na\u0161e posl\u00e1n\u00ed se zrcadl\u00ed i v n\u00e1zvu na\u0161eho t\u00fdmu Musica Liberis \u2013 \u201ehudba d\u011btem\u201c. Po\u0159\u00e1d\u00e1me hudebn\u00ed kurzy pro d\u011bti a dosp\u011bl\u00e9 pod zna\u010dkou YAMAHA, dok\u00e1\u017eeme zprost\u0159edkovat soukrom\u00e9 hudebn\u00ed lekce od zku\u0161en\u00fdch lektor\u016f v oblasti Krom\u011b\u0159\u00ed\u017eska, o pr\u00e1zdnin\u00e1ch se s d\u011btmi potk\u00e1v\u00e1me na na\u0161ich t\u00e1borech s hudebn\u00ed t\u00e9matikou a tak\u00e9 po\u0159\u00e1d\u00e1me v\u00fdchovn\u00e9 koncerty pro \u0161kolky a \u0161koly a pro rodi\u010de s d\u011btmi.","breadcrumb":{"@id":"https:\/\/musicaliberis.cz\/soukrome-lekce-hudby\/#breadcrumb"},"inLanguage":"en-GB","potentialAction":[{"@type":"ReadAction","target":["https:\/\/musicaliberis.cz\/soukrome-lekce-hudby\/"]}]},{"@type":"BreadcrumbList","@id":"https:\/\/musicaliberis.cz\/soukrome-lekce-hudby\/#breadcrumb","itemListElement":[{"@type":"ListItem","position":1,"name":"Dom\u016f","item":"https:\/\/musicaliberis.cz\/"},{"@type":"ListItem","position":2,"name":"Soukrom\u00e9 lekce hudby"}]},{"@type":"WebSite","@id":"https:\/\/musicaliberis.cz\/#website","url":"https:\/\/musicaliberis.cz\/","name":"Musica Liberis","description":"Musica Liberis","potentialAction":[{"@type":"SearchAction","target":{"@type":"EntryPoint","urlTemplate":"https:\/\/musicaliberis.cz\/?s={search_term_string}"},"query-input":{"@type":"PropertyValueSpecification","valueRequired":true,"valueName":"search_term_string"}}],"inLanguage":"en-GB"}]}},"_links":{"self":[{"href":"https:\/\/musicaliberis.cz\/en\/wp-json\/wp\/v2\/pages\/3974","targetHints":{"allow":["GET"]}}],"collection":[{"href":"https:\/\/musicaliberis.cz\/en\/wp-json\/wp\/v2\/pages"}],"about":[{"href":"https:\/\/musicaliberis.cz\/en\/wp-json\/wp\/v2\/types\/page"}],"author":[{"embeddable":true,"href":"https:\/\/musicaliberis.cz\/en\/wp-json\/wp\/v2\/users\/1"}],"replies":[{"embeddable":true,"href":"https:\/\/musicaliberis.cz\/en\/wp-json\/wp\/v2\/comments?post=3974"}],"version-history":[{"count":56,"href":"https:\/\/musicaliberis.cz\/en\/wp-json\/wp\/v2\/pages\/3974\/revisions"}],"predecessor-version":[{"id":5254,"href":"https:\/\/musicaliberis.cz\/en\/wp-json\/wp\/v2\/pages\/3974\/revisions\/5254"}],"wp:attachment":[{"href":"https:\/\/musicaliberis.cz\/en\/wp-json\/wp\/v2\/media?parent=3974"}],"curies":[{"name":"wp","href":"https:\/\/api.w.org\/{rel}","templated":true}]}}